{"id":1901,"date":"2023-02-10T12:49:50","date_gmt":"2023-02-10T12:49:50","guid":{"rendered":"https:\/\/flavor.wordifysites.com\/?page_id=63"},"modified":"2023-11-15T01:38:36","modified_gmt":"2023-11-15T00:38:36","slug":"about-2","status":"publish","type":"page","link":"https:\/\/dodos.cl\/?page_id=1901","title":{"rendered":"Acerca de Dodo&#8217;s"},"content":{"rendered":"<section class=\"gb-container gb-container-39612e48\">\n<div class=\"gb-container gb-container-c710f22a\">\n\n<h2 class=\"gb-headline gb-headline-dd6a09da gb-headline-text\">La calidad es nuestra m\u00e1xima prioridad.<\/h2>\n\n\n\n<p class=\"gb-headline gb-headline-d579961b gb-headline-text\">Nuestras pan pitas son insuperables en el mercado por varias razones. Cuidadosamente elaboradas con la mezcla perfecta de ingredientes de alta calidad, cada una se hornea con esmero para lograr una textura suave y un sabor aut\u00e9ntico. La variedad de opciones, desde las cl\u00e1sicas hasta las innovadoras, garantiza que haya algo para todos los gustos. En cada mordisco, se experimenta la dedicaci\u00f3n a la frescura y la excelencia que nos distingue, convirtiendo nuestras pan pitas en la elecci\u00f3n indiscutible para aquellos que buscan lo mejor en cada experiencia culinaria.<\/p>\n\n<\/div>\n<\/section>\n\n<section class=\"gb-container gb-container-ad280419\">\n<div class=\"gb-container gb-container-d7b4c96c\">\n\n<figure class=\"gb-block-image gb-block-image-206fe3ea\"><img fetchpriority=\"high\" decoding=\"async\" width=\"1707\" height=\"2560\" class=\"gb-image gb-image-206fe3ea\" src=\"https:\/\/dodos.cl\/wp-content\/uploads\/2023\/11\/pexels-polina-tankilevitch-6419737-1-scaled.jpg\" alt=\"\" title=\"pexels-polina-tankilevitch-6419737-1\" srcset=\"https:\/\/dodos.cl\/wp-content\/uploads\/2023\/11\/pexels-polina-tankilevitch-6419737-1-scaled.jpg 1707w, https:\/\/dodos.cl\/wp-content\/uploads\/2023\/11\/pexels-polina-tankilevitch-6419737-1-200x300.jpg 200w, https:\/\/dodos.cl\/wp-content\/uploads\/2023\/11\/pexels-polina-tankilevitch-6419737-1-683x1024.jpg 683w, https:\/\/dodos.cl\/wp-content\/uploads\/2023\/11\/pexels-polina-tankilevitch-6419737-1-768x1152.jpg 768w, https:\/\/dodos.cl\/wp-content\/uploads\/2023\/11\/pexels-polina-tankilevitch-6419737-1-1024x1536.jpg 1024w, https:\/\/dodos.cl\/wp-content\/uploads\/2023\/11\/pexels-polina-tankilevitch-6419737-1-1365x2048.jpg 1365w, https:\/\/dodos.cl\/wp-content\/uploads\/2023\/11\/pexels-polina-tankilevitch-6419737-1-600x900.jpg 600w\" sizes=\"(max-width: 1707px) 100vw, 1707px\" \/><\/figure>\n\n\n\n<figure class=\"gb-block-image gb-block-image-b281b9e6\"><img decoding=\"async\" width=\"1708\" height=\"2560\" class=\"gb-image gb-image-b281b9e6\" src=\"https:\/\/dodos.cl\/wp-content\/uploads\/2023\/11\/pexels-valeria-boltneva-16677734-scaled.jpg\" alt=\"\" title=\"pexels-valeria-boltneva-16677734\" srcset=\"https:\/\/dodos.cl\/wp-content\/uploads\/2023\/11\/pexels-valeria-boltneva-16677734-scaled.jpg 1708w, https:\/\/dodos.cl\/wp-content\/uploads\/2023\/11\/pexels-valeria-boltneva-16677734-200x300.jpg 200w, https:\/\/dodos.cl\/wp-content\/uploads\/2023\/11\/pexels-valeria-boltneva-16677734-683x1024.jpg 683w, https:\/\/dodos.cl\/wp-content\/uploads\/2023\/11\/pexels-valeria-boltneva-16677734-768x1151.jpg 768w, https:\/\/dodos.cl\/wp-content\/uploads\/2023\/11\/pexels-valeria-boltneva-16677734-1025x1536.jpg 1025w, https:\/\/dodos.cl\/wp-content\/uploads\/2023\/11\/pexels-valeria-boltneva-16677734-1366x2048.jpg 1366w, https:\/\/dodos.cl\/wp-content\/uploads\/2023\/11\/pexels-valeria-boltneva-16677734-600x900.jpg 600w\" sizes=\"(max-width: 1708px) 100vw, 1708px\" \/><\/figure>\n\n<\/div>\n\n<div class=\"gb-container gb-container-20cf681f\">\n\n<h2 class=\"gb-headline gb-headline-8d60453e\"><span class=\"gb-icon\"><svg aria-hidden=\"true\" role=\"img\" height=\"1em\" width=\"1em\" viewBox=\"0 0 512 512\" xmlns=\"http:\/\/www.w3.org\/2000\/svg\"><path fill=\"currentColor\" d=\"M478.21 334.093L336 256l142.21-78.093c11.795-6.477 15.961-21.384 9.232-33.037l-19.48-33.741c-6.728-11.653-21.72-15.499-33.227-8.523L296 186.718l3.475-162.204C299.763 11.061 288.937 0 275.48 0h-38.96c-13.456 0-24.283 11.061-23.994 24.514L216 186.718 77.265 102.607c-11.506-6.976-26.499-3.13-33.227 8.523l-19.48 33.741c-6.728 11.653-2.562 26.56 9.233 33.037L176 256 33.79 334.093c-11.795 6.477-15.961 21.384-9.232 33.037l19.48 33.741c6.728 11.653 21.721 15.499 33.227 8.523L216 325.282l-3.475 162.204C212.237 500.939 223.064 512 236.52 512h38.961c13.456 0 24.283-11.061 23.995-24.514L296 325.282l138.735 84.111c11.506 6.976 26.499 3.13 33.227-8.523l19.48-33.741c6.728-11.653 2.563-26.559-9.232-33.036z\"><\/path><\/svg><\/span><span class=\"gb-headline-text\">Historia<\/span><\/h2>\n\n\n\n<h3 class=\"gb-headline gb-headline-4b9d6622 gb-headline-text\">Nuestra traves\u00eda<\/h3>\n\n\n\n<p class=\"gb-headline gb-headline-14e22535 gb-headline-text\">La traves\u00eda de (Dodo`s) comienza por el valor sentimental reflejado por los abuelos, quienes artesanalmente elaboraban cada plato de una forma natural y exquisita, llegando al coraz\u00f3n de cada cliente, reflejando los maravillosos sabores, elaborados por sus propias manos.<\/p>\n\n\n\n<a class=\"gb-button gb-button-1e7109c8 gb-button-text\" href=\"#\">Cont\u00e1tanos!<\/a>\n\n<\/div>\n<\/section>\n\n<section class=\"gb-container gb-container-53ec5ded\">\n<div class=\"gb-container gb-container-2d0039d1\">\n\n<h2 class=\"gb-headline gb-headline-5cb5eca8\"><span class=\"gb-icon\"><svg aria-hidden=\"true\" role=\"img\" height=\"1em\" width=\"1em\" viewBox=\"0 0 512 512\" xmlns=\"http:\/\/www.w3.org\/2000\/svg\"><path fill=\"currentColor\" d=\"M478.21 334.093L336 256l142.21-78.093c11.795-6.477 15.961-21.384 9.232-33.037l-19.48-33.741c-6.728-11.653-21.72-15.499-33.227-8.523L296 186.718l3.475-162.204C299.763 11.061 288.937 0 275.48 0h-38.96c-13.456 0-24.283 11.061-23.994 24.514L216 186.718 77.265 102.607c-11.506-6.976-26.499-3.13-33.227 8.523l-19.48 33.741c-6.728 11.653-2.562 26.56 9.233 33.037L176 256 33.79 334.093c-11.795 6.477-15.961 21.384-9.232 33.037l19.48 33.741c6.728 11.653 21.721 15.499 33.227 8.523L216 325.282l-3.475 162.204C212.237 500.939 223.064 512 236.52 512h38.961c13.456 0 24.283-11.061 23.995-24.514L296 325.282l138.735 84.111c11.506 6.976 26.499 3.13 33.227-8.523l19.48-33.741c6.728-11.653 2.563-26.559-9.232-33.036z\"><\/path><\/svg><\/span><span class=\"gb-headline-text\">Plato estrella<\/span><\/h2>\n\n\n\n<h3 class=\"gb-headline gb-headline-fe8844b6 gb-headline-text\">TeQUE\u00d1OS<\/h3>\n\n\n\n<p class=\"gb-headline gb-headline-994b76a3 gb-headline-text\">&#8220;Emb\u00e1rcate en un viaje culinario sin igual con nuestros teque\u00f1os, una deliciosa experiencia que redefine el placer gastron\u00f3mico. Con una fusi\u00f3n perfecta de sabores y una textura inigualable, nuestros teque\u00f1os son aclamados como los mejores del mundo, elevando cada momento a un fest\u00edn inolvidable para tu paladar.&#8221;<\/p>\n\n\n\n<a class=\"gb-button gb-button-faf28459 gb-button-text\" href=\"#\">Llama ya!<\/a>\n\n<\/div>\n\n<div class=\"gb-container gb-container-765e0b90\">\n\n<figure class=\"gb-block-image gb-block-image-37f1edbe\"><img decoding=\"async\" width=\"1440\" height=\"1440\" class=\"gb-image gb-image-37f1edbe\" src=\"https:\/\/dodos.cl\/wp-content\/uploads\/2023\/11\/Portada-2-Tequenos-Venezolana-Madrid.jpg\" alt=\"\" title=\"Portada-2-Tequenos-Venezolana-Madrid\" srcset=\"https:\/\/dodos.cl\/wp-content\/uploads\/2023\/11\/Portada-2-Tequenos-Venezolana-Madrid.jpg 1440w, https:\/\/dodos.cl\/wp-content\/uploads\/2023\/11\/Portada-2-Tequenos-Venezolana-Madrid-300x300.jpg 300w, https:\/\/dodos.cl\/wp-content\/uploads\/2023\/11\/Portada-2-Tequenos-Venezolana-Madrid-1024x1024.jpg 1024w, https:\/\/dodos.cl\/wp-content\/uploads\/2023\/11\/Portada-2-Tequenos-Venezolana-Madrid-150x150.jpg 150w, https:\/\/dodos.cl\/wp-content\/uploads\/2023\/11\/Portada-2-Tequenos-Venezolana-Madrid-768x768.jpg 768w, https:\/\/dodos.cl\/wp-content\/uploads\/2023\/11\/Portada-2-Tequenos-Venezolana-Madrid-600x600.jpg 600w, https:\/\/dodos.cl\/wp-content\/uploads\/2023\/11\/Portada-2-Tequenos-Venezolana-Madrid-100x100.jpg 100w\" sizes=\"(max-width: 1440px) 100vw, 1440px\" \/><\/figure>\n\n\n\n<figure class=\"gb-block-image gb-block-image-de00d674\"><img loading=\"lazy\" decoding=\"async\" width=\"1128\" height=\"1100\" class=\"gb-image gb-image-de00d674\" src=\"https:\/\/dodos.cl\/wp-content\/uploads\/2023\/11\/tekes-7-2.jpeg\" alt=\"\" title=\"tekes-7-2\" srcset=\"https:\/\/dodos.cl\/wp-content\/uploads\/2023\/11\/tekes-7-2.jpeg 1128w, https:\/\/dodos.cl\/wp-content\/uploads\/2023\/11\/tekes-7-2-300x293.jpeg 300w, https:\/\/dodos.cl\/wp-content\/uploads\/2023\/11\/tekes-7-2-1024x999.jpeg 1024w, https:\/\/dodos.cl\/wp-content\/uploads\/2023\/11\/tekes-7-2-768x749.jpeg 768w, https:\/\/dodos.cl\/wp-content\/uploads\/2023\/11\/tekes-7-2-600x585.jpeg 600w\" sizes=\"(max-width: 1128px) 100vw, 1128px\" \/><\/figure>\n\n<\/div>\n<\/section>\n\n<section class=\"gb-container gb-container-c9a8c543\">\n<div class=\"gb-container gb-container-e8f6d94d\">\n\n<h2 class=\"gb-headline gb-headline-dded0a8c\"><span class=\"gb-icon\"><svg aria-hidden=\"true\" role=\"img\" height=\"1em\" width=\"1em\" viewBox=\"0 0 512 512\" xmlns=\"http:\/\/www.w3.org\/2000\/svg\"><path fill=\"currentColor\" d=\"M478.21 334.093L336 256l142.21-78.093c11.795-6.477 15.961-21.384 9.232-33.037l-19.48-33.741c-6.728-11.653-21.72-15.499-33.227-8.523L296 186.718l3.475-162.204C299.763 11.061 288.937 0 275.48 0h-38.96c-13.456 0-24.283 11.061-23.994 24.514L216 186.718 77.265 102.607c-11.506-6.976-26.499-3.13-33.227 8.523l-19.48 33.741c-6.728 11.653-2.562 26.56 9.233 33.037L176 256 33.79 334.093c-11.795 6.477-15.961 21.384-9.232 33.037l19.48 33.741c6.728 11.653 21.721 15.499 33.227 8.523L216 325.282l-3.475 162.204C212.237 500.939 223.064 512 236.52 512h38.961c13.456 0 24.283-11.061 23.995-24.514L296 325.282l138.735 84.111c11.506 6.976 26.499 3.13 33.227-8.523l19.48-33.741c6.728-11.653 2.563-26.559-9.232-33.036z\"><\/path><\/svg><\/span><span class=\"gb-headline-text\">Porqu\u00e9 elegirnos<\/span><\/h2>\n\n\n\n<h3 class=\"gb-headline gb-headline-5c96cbd9 gb-headline-text\">Mejores ingredientes, Mejor comida<\/h3>\n\n\n<div class=\"gb-grid-wrapper gb-grid-wrapper-50cc37b7\">\n<div class=\"gb-grid-column gb-grid-column-7edc1235\"><div class=\"gb-container gb-container-7edc1235\">\n<div class=\"gb-container gb-container-a54b3116\">\n\n<div class=\"gb-headline gb-headline-7c10a4e6 gb-headline-text\">01<\/div>\n\n<\/div>\n\n<div class=\"gb-container gb-container-a784e204\">\n\n<p class=\"gb-headline gb-headline-01bce296 gb-headline-text\">Mejores ingredientes<\/p>\n\n\n\n<p class=\"gb-headline gb-headline-742925cd gb-headline-text\">&#8220;Nuestra calidad destaca al seleccionar los mejores ingredientes, asegurando una experiencia gastron\u00f3mica excepcional en cada bocado.&#8221;<\/p>\n\n<\/div>\n<\/div><\/div>\n\n<div class=\"gb-grid-column gb-grid-column-7f47ff8d\"><div class=\"gb-container gb-container-7f47ff8d\">\n<div class=\"gb-container gb-container-9f95a9af\">\n\n<div class=\"gb-headline gb-headline-e52b2db6 gb-headline-text\">02<\/div>\n\n<\/div>\n\n<div class=\"gb-container gb-container-cf3e2f0a\">\n\n<p class=\"gb-headline gb-headline-d42b32a0 gb-headline-text\">Mejores precios<\/p>\n\n\n\n<p class=\"gb-headline gb-headline-b03359de gb-headline-text\">&#8220;Ofrecemos los mejores precios sin comprometer la calidad, brind\u00e1ndote una experiencia excepcional a un valor insuperable en cada compra.&#8221;<\/p>\n\n<\/div>\n<\/div><\/div>\n\n<div class=\"gb-grid-column gb-grid-column-aea7c987\"><div class=\"gb-container gb-container-aea7c987\">\n<div class=\"gb-container gb-container-aec36dc8\">\n\n<div class=\"gb-headline gb-headline-be11076a gb-headline-text\">03<\/div>\n\n<\/div>\n\n<div class=\"gb-container gb-container-2067db43\">\n\n<p class=\"gb-headline gb-headline-c79d3f2f gb-headline-text\">Mejores sabores<\/p>\n\n\n\n<p class=\"gb-headline gb-headline-ab5ae990 gb-headline-text\">&#8220;Explora una sinfon\u00eda de los mejores sabores en cada platillo, donde la excelencia culinaria se encuentra con una explosi\u00f3n de deleite en cada bocado.&#8221;<\/p>\n\n<\/div>\n<\/div><\/div>\n\n<div class=\"gb-grid-column gb-grid-column-58547fd2\"><div class=\"gb-container gb-container-58547fd2\">\n<div class=\"gb-container gb-container-5829f581\">\n\n<div class=\"gb-headline gb-headline-2fad82cf gb-headline-text\">04<\/div>\n\n<\/div>\n\n<div class=\"gb-container gb-container-5c6bbb33\">\n\n<p class=\"gb-headline gb-headline-3e051a42 gb-headline-text\">Entrega Inmediata<\/p>\n\n\n\n<p class=\"gb-headline gb-headline-b934986b gb-headline-text\">&#8220;Disfruta de la satisfacci\u00f3n instant\u00e1nea con nuestra entrega inmediata, llevando los mejores productos directamente a tu puerta en un abrir y cerrar de ojos.&#8221;<\/p>\n\n<\/div>\n<\/div><\/div>\n<\/div>\n<\/div>\n<\/section>","protected":false},"excerpt":{"rendered":"<p>La calidad es nuestra m\u00e1xima prioridad. Nuestras pan pitas son insuperables en el mercado por varias razones. Cuidadosamente elaboradas con la mezcla perfecta de ingredientes &#8230; <a title=\"Acerca de Dodo&#8217;s\" class=\"read-more\" href=\"https:\/\/dodos.cl\/?page_id=1901\" aria-label=\"More on Acerca de Dodo&#8217;s\">Read more<\/a><\/p>\n","protected":false},"author":1,"featured_media":0,"parent":0,"menu_order":0,"comment_status":"closed","ping_status":"closed","template":"","meta":{"footnotes":""},"_links":{"self":[{"href":"https:\/\/dodos.cl\/index.php?rest_route=\/wp\/v2\/pages\/1901"}],"collection":[{"href":"https:\/\/dodos.cl\/index.php?rest_route=\/wp\/v2\/pages"}],"about":[{"href":"https:\/\/dodos.cl\/index.php?rest_route=\/wp\/v2\/types\/page"}],"author":[{"embeddable":true,"href":"https:\/\/dodos.cl\/index.php?rest_route=\/wp\/v2\/users\/1"}],"replies":[{"embeddable":true,"href":"https:\/\/dodos.cl\/index.php?rest_route=%2Fwp%2Fv2%2Fcomments&post=1901"}],"version-history":[{"count":5,"href":"https:\/\/dodos.cl\/index.php?rest_route=\/wp\/v2\/pages\/1901\/revisions"}],"predecessor-version":[{"id":2051,"href":"https:\/\/dodos.cl\/index.php?rest_route=\/wp\/v2\/pages\/1901\/revisions\/2051"}],"wp:attachment":[{"href":"https:\/\/dodos.cl\/index.php?rest_route=%2Fwp%2Fv2%2Fmedia&parent=1901"}],"curies":[{"name":"wp","href":"https:\/\/api.w.org\/{rel}","templated":true}]}}