{"id":2,"date":"2021-05-30T14:08:16","date_gmt":"2021-05-30T13:08:16","guid":{"rendered":"https:\/\/flavor.wordifysites.com\/?page_id=2"},"modified":"2023-11-15T00:15:15","modified_gmt":"2023-11-14T23:15:15","slug":"home","status":"publish","type":"page","link":"https:\/\/dodos.cl\/","title":{"rendered":"Home"},"content":{"rendered":"<div class=\"gb-container gb-container-d9156534\">\n<div class=\"gb-container gb-container-138ff547\">\n<div class=\"gb-container gb-container-d38252fb\">\n\n<h1 class=\"gb-headline gb-headline-d1e0e135 gb-headline-text\">&#8220;Sabores que inspiran. Comida que deleita.&#8221;<\/h1>\n\n\n<div class=\"gb-container gb-container-f1e38d10\">\n\n<a class=\"gb-button gb-button-f520543f gb-button-text\" href=\"#\">Cont\u00e1ctanos!<\/a>\n\n<\/div>\n\n<div class=\"alignleft wp-block-site-logo\"><a href=\"https:\/\/dodos.cl\/\" class=\"custom-logo-link\" rel=\"home\"><img fetchpriority=\"high\" decoding=\"async\" width=\"321\" height=\"180\" src=\"https:\/\/dodos.cl\/wp-content\/uploads\/2023\/11\/white-1.gif\" class=\"custom-logo\" alt=\"Calidad Frescura y Sabor\" \/><\/a><\/div>\n<\/div>\n\n<div class=\"gb-container gb-container-bf4bb829\">\n\n<figure class=\"gb-block-image gb-block-image-ac9658b4\"><img decoding=\"async\" width=\"640\" height=\"427\" class=\"gb-image gb-image-ac9658b4\" src=\"http:\/\/dodos.cl\/wp-content\/uploads\/2023\/05\/kelsey-chance-ZrhtQyGFG6s-unsplash.jpg\" alt=\"\" title=\"kelsey-chance-ZrhtQyGFG6s-unsplash\" srcset=\"https:\/\/dodos.cl\/wp-content\/uploads\/2023\/05\/kelsey-chance-ZrhtQyGFG6s-unsplash.jpg 640w, https:\/\/dodos.cl\/wp-content\/uploads\/2023\/05\/kelsey-chance-ZrhtQyGFG6s-unsplash-300x200.jpg 300w, https:\/\/dodos.cl\/wp-content\/uploads\/2023\/05\/kelsey-chance-ZrhtQyGFG6s-unsplash-600x400.jpg 600w\" sizes=\"(max-width: 640px) 100vw, 640px\" \/><\/figure>\n\n<\/div>\n<\/div>\n<\/div>\n\n<div class=\"gb-container gb-container-fd444cb6\">\n<div class=\"gb-container gb-container-0839a0d5\"><\/div>\n<\/div>\n\n<section class=\"gb-container gb-container-e58c78a7\">\n<div class=\"gb-container gb-container-12419f93\">\n\n<figure class=\"wp-block-image size-large\"><img decoding=\"async\" width=\"1024\" height=\"683\" src=\"https:\/\/dodos.cl\/wp-content\/uploads\/2023\/11\/pexels-michael-burrows-7129737-1024x683.jpg\" alt=\"\" class=\"wp-image-1956\" srcset=\"https:\/\/dodos.cl\/wp-content\/uploads\/2023\/11\/pexels-michael-burrows-7129737-1024x683.jpg 1024w, https:\/\/dodos.cl\/wp-content\/uploads\/2023\/11\/pexels-michael-burrows-7129737-300x200.jpg 300w, https:\/\/dodos.cl\/wp-content\/uploads\/2023\/11\/pexels-michael-burrows-7129737-768x512.jpg 768w, https:\/\/dodos.cl\/wp-content\/uploads\/2023\/11\/pexels-michael-burrows-7129737-1536x1024.jpg 1536w, https:\/\/dodos.cl\/wp-content\/uploads\/2023\/11\/pexels-michael-burrows-7129737-2048x1365.jpg 2048w, https:\/\/dodos.cl\/wp-content\/uploads\/2023\/11\/pexels-michael-burrows-7129737-600x400.jpg 600w\" sizes=\"(max-width: 1024px) 100vw, 1024px\" \/><\/figure>\n\n<\/div>\n\n<div class=\"gb-container gb-container-3c87ffd4\">\n\n<p class=\"gb-headline gb-headline-4f6c6dd1 gb-headline-text\">Nuestros platos<\/p>\n\n\n\n<h2 class=\"gb-headline gb-headline-ac75a8f8 gb-headline-text\">\u00bfQu\u00e9 ofrecemos?<\/h2>\n\n\n\n<p class=\"gb-headline gb-headline-80f02156 gb-headline-text\">Descubre el deleite de las pan pitas perfectas en nuestro sitio web. Nos destacamos por ofrecer las mejores del mercado, cuidadosamente horneadas con ingredientes de alta calidad y un toque artesanal. Desde opciones cl\u00e1sicas hasta creaciones innovadoras, cada bocado refleja nuestro compromiso con la excelencia. Explora nuestra selecci\u00f3n y sum\u00e9rgete en una experiencia gastron\u00f3mica \u00fanica. \u00a1Bienvenido al hogar de las pan pitas incomparables!<\/p>\n\n\n<div class=\"gb-container gb-container-82a1200b\"><\/div>\n<\/div>\n<\/section>\n\n<section class=\"gb-container gb-container-39612e48\">\n<div class=\"gb-container gb-container-c710f22a\">\n\n<h2 class=\"gb-headline gb-headline-dd6a09da gb-headline-text\">Nuestra especialidad<\/h2>\n\n\n\n<h3 class=\"gb-headline gb-headline-d579961b gb-headline-text\">Pan Pitas<\/h3>\n\n\n<div class=\"gb-grid-wrapper gb-grid-wrapper-02aeee68\">\n<div class=\"gb-grid-column gb-grid-column-a321f36d\"><div class=\"gb-container gb-container-a321f36d\">\n\n<figure class=\"gb-block-image gb-block-image-b6692bd8\"><img loading=\"lazy\" decoding=\"async\" width=\"735\" height=\"521\" class=\"gb-image gb-image-b6692bd8\" src=\"http:\/\/dodos.cl\/wp-content\/uploads\/2023\/11\/e73f643c1c604a887a76addece8c7a67.jpg\" alt=\"\" title=\"e73f643c1c604a887a76addece8c7a67\" srcset=\"https:\/\/dodos.cl\/wp-content\/uploads\/2023\/11\/e73f643c1c604a887a76addece8c7a67.jpg 735w, https:\/\/dodos.cl\/wp-content\/uploads\/2023\/11\/e73f643c1c604a887a76addece8c7a67-300x213.jpg 300w, https:\/\/dodos.cl\/wp-content\/uploads\/2023\/11\/e73f643c1c604a887a76addece8c7a67-600x425.jpg 600w\" sizes=\"(max-width: 735px) 100vw, 735px\" \/><\/figure>\n\n\n\n<h4 class=\"gb-headline gb-headline-024f09ff gb-headline-text\">Veganas<\/h4>\n\n\n\n<p class=\"gb-headline gb-headline-d43ac1d7 gb-headline-text\">Sum\u00e9rgete en la exquisitez de nuestra pan pita vegana, elaborada con ingredientes 100% vegetales y sin comprometer el sabor. Una opci\u00f3n deliciosa y \u00e9tica que satisface tus papilas gustativas y respeta tu estilo de vida.<\/p>\n\n<\/div><\/div>\n\n<div class=\"gb-grid-column gb-grid-column-bc810366\"><div class=\"gb-container gb-container-bc810366\">\n\n<figure class=\"gb-block-image gb-block-image-46a712fa\"><img loading=\"lazy\" decoding=\"async\" width=\"650\" height=\"366\" class=\"gb-image gb-image-46a712fa\" src=\"http:\/\/dodos.cl\/wp-content\/uploads\/2023\/11\/RFB-1302-1-fajitasdeespinaca-1.jpg\" alt=\"\" title=\"RFB-1302-1-fajitasdeespinaca-1\" srcset=\"https:\/\/dodos.cl\/wp-content\/uploads\/2023\/11\/RFB-1302-1-fajitasdeespinaca-1.jpg 650w, https:\/\/dodos.cl\/wp-content\/uploads\/2023\/11\/RFB-1302-1-fajitasdeespinaca-1-300x169.jpg 300w, https:\/\/dodos.cl\/wp-content\/uploads\/2023\/11\/RFB-1302-1-fajitasdeespinaca-1-600x338.jpg 600w\" sizes=\"(max-width: 650px) 100vw, 650px\" \/><\/figure>\n\n\n\n<h4 class=\"gb-headline gb-headline-626f476c gb-headline-text\">Vegetarianas<\/h4>\n\n\n\n<p class=\"gb-headline gb-headline-56e20c37 gb-headline-text\">Descubre nuestra pan pita vegetariana, una deliciosa fusi\u00f3n de sabores frescos y saludables en cada bocado. Llena de ingredientes nutritivos, es la opci\u00f3n perfecta para disfrutar de una experiencia culinaria consciente y deliciosa.<\/p>\n\n<\/div><\/div>\n\n<div class=\"gb-grid-column gb-grid-column-aef40266\"><div class=\"gb-container gb-container-aef40266\">\n\n<figure class=\"gb-block-image gb-block-image-61f490cd\"><img loading=\"lazy\" decoding=\"async\" width=\"767\" height=\"639\" class=\"gb-image gb-image-61f490cd\" src=\"http:\/\/dodos.cl\/wp-content\/uploads\/2023\/11\/ac7e1100-fc8c-453e-b6ea-1333f2069c47.jpg\" alt=\"\" title=\"ac7e1100-fc8c-453e-b6ea-1333f2069c47\" srcset=\"https:\/\/dodos.cl\/wp-content\/uploads\/2023\/11\/ac7e1100-fc8c-453e-b6ea-1333f2069c47.jpg 767w, https:\/\/dodos.cl\/wp-content\/uploads\/2023\/11\/ac7e1100-fc8c-453e-b6ea-1333f2069c47-300x250.jpg 300w, https:\/\/dodos.cl\/wp-content\/uploads\/2023\/11\/ac7e1100-fc8c-453e-b6ea-1333f2069c47-600x500.jpg 600w\" sizes=\"(max-width: 767px) 100vw, 767px\" \/><\/figure>\n\n\n\n<h4 class=\"gb-headline gb-headline-711d5f36 gb-headline-text\">Trigo<\/h4>\n\n\n\n<p class=\"gb-headline gb-headline-ed883c8f gb-headline-text\">Del\u00e9itate con nuestra exquisita pan pita de trigo, cuidadosamente horneada para obtener una textura suave y un sabor aut\u00e9ntico. Una opci\u00f3n saludable y deliciosa para complementar tus platos favoritos.<\/p>\n\n<\/div><\/div>\n<\/div>\n<\/div>\n<\/section>\n\n\n<p><\/p>\n\n\n<section class=\"gb-container gb-container-f005738f\">\n<div class=\"gb-container gb-container-7dff63c1\">\n\n<h2 class=\"gb-headline gb-headline-6ecf84fd gb-headline-text\">Testimonios<\/h2>\n\n\n\n<h3 class=\"gb-headline gb-headline-f76ba701 gb-headline-text\">Opiniones de clientes<\/h3>\n\n\n<div class=\"gb-container gb-container-6cd48ce1\">\n<div class=\"gb-container gb-container-f30eb367\">\n<div class=\"gb-container gb-container-d97756ec\">\n\n<p class=\"gb-headline gb-headline-f39c23e1 gb-headline-text\">&#8220;\u00a1Las pan pitas de este sitio son simplemente incomparables! Su textura perfecta y el sabor aut\u00e9ntico las destacan como las mejores del mercado. La variedad de opciones, desde las cl\u00e1sicas hasta las innovadoras, demuestra un compromiso genuino con la excelencia. Cada bocado es un placer, y la frescura de los ingredientes realmente se nota. Definitivamente, mi elecci\u00f3n n\u00famero uno para pan pitas de calidad&#8221;.<\/p>\n\n\n\n<p class=\"gb-headline gb-headline-527fa78d gb-headline-text\">Nick Simmons<\/p>\n\n\n\n<p class=\"gb-headline gb-headline-3551f630 gb-headline-text\">Sandra Ram\u00edrez<\/p>\n\n<\/div>\n<\/div>\n\n<div class=\"gb-container gb-container-77455dac\">\n<div class=\"gb-container gb-container-1735d2be\">\n\n<p class=\"gb-headline gb-headline-0555a9e9 gb-headline-text\">&#8220;Las pan pitas de este sitio son simplemente incomparables. La frescura y la calidad son evidentes en cada bocado. Desde las opciones cl\u00e1sicas hasta las innovadoras, siempre encuentro la combinaci\u00f3n perfecta de textura y sabor. Definitivamente, estas pan pitas elevan mi experiencia gastron\u00f3mica a otro nivel. \u00a1No puedo resistirme a la excelencia de este lugar!&#8221;<\/p>\n\n\n\n<p class=\"gb-headline gb-headline-8ed3df89 gb-headline-text\">Maria Livingston<\/p>\n\n\n\n<p class=\"gb-headline gb-headline-0bfec1b0 gb-headline-text\">Raul Gonz\u00e1les<\/p>\n\n<\/div>\n<\/div>\n<\/div>\n<\/div>\n<\/section>","protected":false},"excerpt":{"rendered":"<p>&#8220;Sabores que inspiran. Comida que deleita.&#8221; Nuestros platos \u00bfQu\u00e9 ofrecemos? Descubre el deleite de las pan pitas perfectas en nuestro sitio web. Nos destacamos por &#8230; <a title=\"Home\" class=\"read-more\" href=\"https:\/\/dodos.cl\/\" aria-label=\"More on Home\">Read more<\/a><\/p>\n","protected":false},"author":1,"featured_media":0,"parent":0,"menu_order":0,"comment_status":"closed","ping_status":"open","template":"","meta":{"footnotes":""},"_links":{"self":[{"href":"https:\/\/dodos.cl\/index.php?rest_route=\/wp\/v2\/pages\/2"}],"collection":[{"href":"https:\/\/dodos.cl\/index.php?rest_route=\/wp\/v2\/pages"}],"about":[{"href":"https:\/\/dodos.cl\/index.php?rest_route=\/wp\/v2\/types\/page"}],"author":[{"embeddable":true,"href":"https:\/\/dodos.cl\/index.php?rest_route=\/wp\/v2\/users\/1"}],"replies":[{"embeddable":true,"href":"https:\/\/dodos.cl\/index.php?rest_route=%2Fwp%2Fv2%2Fcomments&post=2"}],"version-history":[{"count":10,"href":"https:\/\/dodos.cl\/index.php?rest_route=\/wp\/v2\/pages\/2\/revisions"}],"predecessor-version":[{"id":2041,"href":"https:\/\/dodos.cl\/index.php?rest_route=\/wp\/v2\/pages\/2\/revisions\/2041"}],"wp:attachment":[{"href":"https:\/\/dodos.cl\/index.php?rest_route=%2Fwp%2Fv2%2Fmedia&parent=2"}],"curies":[{"name":"wp","href":"https:\/\/api.w.org\/{rel}","templated":true}]}}